{"id":439,"date":"2024-11-20T12:09:49","date_gmt":"2024-11-20T12:09:49","guid":{"rendered":"https:\/\/thaiapsarah.com\/?page_id=439"},"modified":"2024-12-30T17:10:11","modified_gmt":"2024-12-30T17:10:11","slug":"prices","status":"publish","type":"page","link":"https:\/\/thaiapsarah.com\/bs\/prices\/","title":{"rendered":"Cijene"},"content":{"rendered":"<div data-elementor-type=\"wp-page\" data-elementor-id=\"439\" class=\"elementor elementor-439\">\n\t\t\t\t<div class=\"elementor-element elementor-element-e10d4e9 e-flex e-con-boxed e-con e-parent\" data-id=\"e10d4e9\" data-element_type=\"container\" data-e-type=\"container\" data-settings=\"{&quot;background_background&quot;:&quot;classic&quot;}\">\n\t\t\t\t\t<div class=\"e-con-inner\">\n\t\t\t\t<div class=\"elementor-element elementor-element-ee6405b elementor-widget elementor-widget-image\" data-id=\"ee6405b\" data-element_type=\"widget\" data-e-type=\"widget\" data-widget_type=\"image.default\">\n\t\t\t\t<div class=\"elementor-widget-container\">\n\t\t\t\t\t\t\t\t\t\t\t\t\t\t\t<img fetchpriority=\"high\" decoding=\"async\" width=\"800\" height=\"750\" src=\"https:\/\/thaiapsarah.com\/wp-content\/uploads\/2024\/11\/apasarah-full-logo-white.svg\" class=\"attachment-large size-large wp-image-120\" alt=\"\" \/>\t\t\t\t\t\t\t\t\t\t\t\t\t\t\t<\/div>\n\t\t\t\t<\/div>\n\t\t\t\t\t<\/div>\n\t\t\t\t<\/div>\n\t\t<div class=\"elementor-element elementor-element-b9a0d2c e-flex e-con-boxed e-con e-parent\" data-id=\"b9a0d2c\" data-element_type=\"container\" data-e-type=\"container\" data-settings=\"{&quot;background_background&quot;:&quot;classic&quot;}\">\n\t\t\t\t\t<div class=\"e-con-inner\">\n\t\t\t\t<div class=\"elementor-element elementor-element-b18fac9 elementor-widget elementor-widget-image\" data-id=\"b18fac9\" data-element_type=\"widget\" data-e-type=\"widget\" data-widget_type=\"image.default\">\n\t\t\t\t<div class=\"elementor-widget-container\">\n\t\t\t\t\t\t\t\t\t\t\t\t\t\t\t\t<a href=\"#0\">\n\t\t\t\t\t\t\t<img decoding=\"async\" width=\"419\" height=\"595\" src=\"https:\/\/thaiapsarah.com\/wp-content\/uploads\/2024\/12\/prices-dec2024-2-01.svg\" class=\"attachment-full size-full wp-image-827\" alt=\"\" \/>\t\t\t\t\t\t\t\t<\/a>\n\t\t\t\t\t\t\t\t\t\t\t\t\t\t\t<\/div>\n\t\t\t\t<\/div>\n\t\t\t\t<div class=\"elementor-element elementor-element-94559fa elementor-widget__width-initial elementor-widget elementor-widget-text-editor\" data-id=\"94559fa\" data-element_type=\"widget\" data-e-type=\"widget\" data-widget_type=\"text-editor.default\">\n\t\t\t\t<div class=\"elementor-widget-container\">\n\t\t\t\t\t\t\t\t\t<p>Pusti nas da ti pomognemo prona\u0111e\u0161 ravnote\u017eu u \u017eivotu. Dobrodo\u0161li Apsarah \u2013 tvoje novo uto\u010di\u0161te za opu\u0161tanje!<\/p>\t\t\t\t\t\t\t\t<\/div>\n\t\t\t\t<\/div>\n\t\t\t\t\t<\/div>\n\t\t\t\t<\/div>\n\t\t\t\t<\/div>","protected":false},"excerpt":{"rendered":"<p>Pusti nas da ti pomognemo prona\u0111e\u0161 ravnote\u017eu u \u017eivotu. Dobrodo\u0161li Apsarah \u2013 tvoje novo uto\u010di\u0161te za opu\u0161tanje!<\/p>","protected":false},"author":1,"featured_media":0,"parent":0,"menu_order":0,"comment_status":"closed","ping_status":"closed","template":"elementor_header_footer","meta":{"footnotes":""},"class_list":["post-439","page","type-page","status-publish","hentry"],"_links":{"self":[{"href":"https:\/\/thaiapsarah.com\/bs\/wp-json\/wp\/v2\/pages\/439","targetHints":{"allow":["GET"]}}],"collection":[{"href":"https:\/\/thaiapsarah.com\/bs\/wp-json\/wp\/v2\/pages"}],"about":[{"href":"https:\/\/thaiapsarah.com\/bs\/wp-json\/wp\/v2\/types\/page"}],"author":[{"embeddable":true,"href":"https:\/\/thaiapsarah.com\/bs\/wp-json\/wp\/v2\/users\/1"}],"replies":[{"embeddable":true,"href":"https:\/\/thaiapsarah.com\/bs\/wp-json\/wp\/v2\/comments?post=439"}],"version-history":[{"count":37,"href":"https:\/\/thaiapsarah.com\/bs\/wp-json\/wp\/v2\/pages\/439\/revisions"}],"predecessor-version":[{"id":830,"href":"https:\/\/thaiapsarah.com\/bs\/wp-json\/wp\/v2\/pages\/439\/revisions\/830"}],"wp:attachment":[{"href":"https:\/\/thaiapsarah.com\/bs\/wp-json\/wp\/v2\/media?parent=439"}],"curies":[{"name":"wp","href":"https:\/\/api.w.org\/{rel}","templated":true}]}}