{"id":464,"date":"2024-11-21T09:58:19","date_gmt":"2024-11-21T09:58:19","guid":{"rendered":"https:\/\/thaiapsarah.com\/?page_id=464"},"modified":"2024-11-28T09:02:05","modified_gmt":"2024-11-28T09:02:05","slug":"contact","status":"publish","type":"page","link":"https:\/\/thaiapsarah.com\/bs\/contact\/","title":{"rendered":"Contact"},"content":{"rendered":"<div data-elementor-type=\"wp-page\" data-elementor-id=\"464\" class=\"elementor elementor-464\">\n\t\t\t\t<div class=\"elementor-element elementor-element-e10d4e9 e-flex e-con-boxed e-con e-parent\" data-id=\"e10d4e9\" data-element_type=\"container\" data-e-type=\"container\" data-settings=\"{&quot;background_background&quot;:&quot;classic&quot;}\">\n\t\t\t\t\t<div class=\"e-con-inner\">\n\t\t\t\t<div class=\"elementor-element elementor-element-368c1a8 elementor-widget elementor-widget-spacer\" data-id=\"368c1a8\" data-element_type=\"widget\" data-e-type=\"widget\" data-widget_type=\"spacer.default\">\n\t\t\t\t<div class=\"elementor-widget-container\">\n\t\t\t\t\t\t\t<div class=\"elementor-spacer\">\n\t\t\t<div class=\"elementor-spacer-inner\"><\/div>\n\t\t<\/div>\n\t\t\t\t\t\t<\/div>\n\t\t\t\t<\/div>\n\t\t<div class=\"elementor-element elementor-element-e341037 e-con-full e-flex e-con e-child\" data-id=\"e341037\" data-element_type=\"container\" data-e-type=\"container\">\n\t\t\t\t<div class=\"elementor-element elementor-element-ee6405b elementor-widget elementor-widget-image\" data-id=\"ee6405b\" data-element_type=\"widget\" data-e-type=\"widget\" data-widget_type=\"image.default\">\n\t\t\t\t<div class=\"elementor-widget-container\">\n\t\t\t\t\t\t\t\t\t\t\t\t\t\t\t<img fetchpriority=\"high\" decoding=\"async\" width=\"800\" height=\"750\" src=\"https:\/\/thaiapsarah.com\/wp-content\/uploads\/2024\/11\/apasarah-full-logo-white.svg\" class=\"attachment-large size-large wp-image-120\" alt=\"\" \/>\t\t\t\t\t\t\t\t\t\t\t\t\t\t\t<\/div>\n\t\t\t\t<\/div>\n\t\t\t\t<div class=\"elementor-element elementor-element-f4363f3 elementor-widget__width-initial elementor-widget elementor-widget-text-editor\" data-id=\"f4363f3\" data-element_type=\"widget\" data-e-type=\"widget\" data-widget_type=\"text-editor.default\">\n\t\t\t\t<div class=\"elementor-widget-container\">\n\t\t\t\t\t\t\t\t\t<p>Pusti nas da ti pomognemo prona\u0111e\u0161 ravnote\u017eu u \u017eivotu. Dobrodo\u0161li Apsarah \u2013 tvoje novo uto\u010di\u0161te za opu\u0161tanje!<\/p>\t\t\t\t\t\t\t\t<\/div>\n\t\t\t\t<\/div>\n\t\t\t\t<\/div>\n\t\t\t\t<div class=\"elementor-element elementor-element-e67ef35 elementor-widget elementor-widget-spacer\" data-id=\"e67ef35\" data-element_type=\"widget\" data-e-type=\"widget\" id=\"booking\" data-widget_type=\"spacer.default\">\n\t\t\t\t<div class=\"elementor-widget-container\">\n\t\t\t\t\t\t\t<div class=\"elementor-spacer\">\n\t\t\t<div class=\"elementor-spacer-inner\"><\/div>\n\t\t<\/div>\n\t\t\t\t\t\t<\/div>\n\t\t\t\t<\/div>\n\t\t\t\t\t<\/div>\n\t\t\t\t<\/div>\n\t\t<div class=\"elementor-element elementor-element-b9a0d2c e-flex e-con-boxed e-con e-parent\" data-id=\"b9a0d2c\" data-element_type=\"container\" data-e-type=\"container\" data-settings=\"{&quot;background_background&quot;:&quot;classic&quot;}\">\n\t\t\t\t\t<div class=\"e-con-inner\">\n\t\t\t\t<div class=\"elementor-element elementor-element-b4c9b82 elementor-widget elementor-widget-heading\" data-id=\"b4c9b82\" data-element_type=\"widget\" data-e-type=\"widget\" data-widget_type=\"heading.default\">\n\t\t\t\t<div class=\"elementor-widget-container\">\n\t\t\t\t\t<h2 class=\"elementor-heading-title elementor-size-default\">Booking Request<\/h2>\t\t\t\t<\/div>\n\t\t\t\t<\/div>\n\t\t\t\t<div class=\"elementor-element elementor-element-bc9b427 elementor-widget__width-inherit elementor-widget elementor-widget-shortcode\" data-id=\"bc9b427\" data-element_type=\"widget\" data-e-type=\"widget\" data-widget_type=\"shortcode.default\">\n\t\t\t\t<div class=\"elementor-widget-container\">\n\t\t\t\t\t\t\t<div class=\"elementor-shortcode\"><div class=\"forminator-ui forminator-custom-form forminator-custom-form-563 forminator-design--flat forminator-custom forminator_ajax\" data-forminator-render=\"1\" data-form=\"forminator-module-563\" data-uid=\"69e74e686b2f8\"><br\/><\/div><form\n\t\t\t\tid=\"forminator-module-563\"\n\t\t\t\tclass=\"forminator-ui forminator-custom-form forminator-custom-form-563 forminator-design--flat forminator-custom forminator_ajax\"\n\t\t\t\tmethod=\"post\"\n\t\t\t\tdata-forminator-render=\"1\"\n\t\t\t\tdata-form-id=\"563\"\n\t\t\t\t data-color-option=\"default\" data-design=\"flat\" data-grid=\"custom\" style=\"display: none;\"\n\t\t\t\tdata-uid=\"69e74e686b2f8\" action=\"\"\n\t\t\t><div role=\"alert\" aria-live=\"polite\" class=\"forminator-response-message forminator-error\" aria-hidden=\"true\"><\/div><div class=\"forminator-row\"><div id=\"name-1\" class=\"forminator-field-name forminator-col forminator-col-12\"><div class=\"forminator-field\"><input type=\"text\" name=\"name-1\" value=\"\" placeholder=\"Name\" id=\"forminator-field-name-1_69e74e686b2f8\" class=\"forminator-input forminator-name--field\" aria-required=\"true\" autocomplete=\"name\" \/><\/div><\/div><\/div><div class=\"forminator-row\"><div id=\"email-1\" class=\"forminator-field-email forminator-col forminator-col-6\"><div class=\"forminator-field\"><input type=\"email\" name=\"email-1\" value=\"\" placeholder=\"Email\" id=\"forminator-field-email-1_69e74e686b2f8\" class=\"forminator-input forminator-email--field\" data-required=\"1\" aria-required=\"true\" autocomplete=\"email\" \/><\/div><\/div><div id=\"phone-1\" class=\"forminator-field-phone forminator-col forminator-col-6\"><div class=\"forminator-field\"><input type=\"text\" name=\"phone-1\" value=\"\" placeholder=\"Phone\" id=\"forminator-field-phone-1_69e74e686b2f8\" class=\"forminator-input forminator-field--phone\" data-required=\"1\" aria-required=\"true\" autocomplete=\"off\" \/><\/div><\/div><\/div><div class=\"forminator-row\"><div id=\"date-1\" class=\"forminator-field-date forminator-col forminator-col-12\"><div class=\"forminator-field\"><label for=\"forminator-field-date-1-picker_69e74e686b2f8\" id=\"forminator-field-date-1-picker_69e74e686b2f8-label\" class=\"forminator-label\">Date <span class=\"forminator-required\">*<\/span><\/label><input autocomplete=\"off\" type=\"text\" size=\"1\" name=\"date-1\" value=\"\" placeholder=\"Booking request preferably 1 day in advance\" id=\"forminator-field-date-1-picker_69e74e686b2f8\" class=\"forminator-input forminator-datepicker\" data-required=\"1\" data-format=\"yy-mm-dd\" data-restrict-type=\"\" data-restrict=\"\" data-start-year=\"2026\" data-end-year=\"2126\" data-past-dates=\"enable\" data-start-of-week=\"1\" data-start-date=\"2026-04-22\" data-end-date=\"\" data-start-field=\"\" data-end-field=\"\" data-start-offset=\"\" data-end-offset=\"\" data-disable-date=\"\" data-disable-range=\"\" \/><\/div><\/div><\/div><div class=\"forminator-row\"><div id=\"time-1\" class=\"forminator-field-time forminator-col forminator-col-12\"><label for=\"forminator-field-time-1\" id=\"forminator-field-time-1-label\" class=\"forminator-label\">Time <span class=\"forminator-required\">*<\/span><\/label><div class=\"forminator-timepicker\" ><div class=\"forminator-row\" data-multiple=\"true\"><div id=\"time-1-hours\" class=\"forminator-col forminator-col-6\"><div class=\"forminator-field\"><select name=\"time-1-hours\" id=\"forminator-field-563__field--time-1-hours_69e74e686b2f8\" class=\"forminator-select2 time-hours\" data-field=\"hours\" data-placeholder=\"Select\" data-default-value=\"18\"><option value=\"0\" >00<\/option><option value=\"1\" >01<\/option><option value=\"2\" >02<\/option><option value=\"3\" >03<\/option><option value=\"4\" >04<\/option><option value=\"5\" >05<\/option><option value=\"6\" >06<\/option><option value=\"7\" >07<\/option><option value=\"8\" >08<\/option><option value=\"9\" >09<\/option><option value=\"10\" >10<\/option><option value=\"11\" >11<\/option><option value=\"12\" >12<\/option><option value=\"13\" >13<\/option><option value=\"14\" >14<\/option><option value=\"15\" >15<\/option><option value=\"16\" >16<\/option><option value=\"17\" >17<\/option><option value=\"18\" selected=\"selected\">18<\/option><option value=\"19\" >19<\/option><option value=\"20\" >20<\/option><option value=\"21\" >21<\/option><option value=\"22\" >22<\/option><option value=\"23\" >23<\/option><\/select><\/div><\/div><div id=\"time-1-minutes\" class=\"forminator-col forminator-col-6\"><div class=\"forminator-field\"><select name=\"time-1-minutes\" id=\"forminator-field-563__field--time-1-minutes_69e74e686b2f8\" class=\"forminator-select2 time-minutes\" data-field=\"minutes\" data-placeholder=\"Select\" data-default-value=\"15\"><option value=\"0\" >00<\/option><option value=\"5\" >05<\/option><option value=\"10\" >10<\/option><option value=\"15\" selected=\"selected\">15<\/option><option value=\"20\" >20<\/option><option value=\"25\" >25<\/option><option value=\"30\" >30<\/option><option value=\"35\" >35<\/option><option value=\"40\" >40<\/option><option value=\"45\" >45<\/option><option value=\"50\" >50<\/option><option value=\"55\" >55<\/option><\/select><\/div><\/div><\/div><\/div><\/div><\/div><div class=\"forminator-row\"><div id=\"textarea-1\" class=\"forminator-field-textarea forminator-col forminator-col-12\"><div class=\"forminator-field\"><textarea name=\"textarea-1\" placeholder=\"Message to Thaiapsarah\" id=\"forminator-field-textarea-1_69e74e686b2f8\" class=\"forminator-textarea\" rows=\"6\" style=\"--forminator-textarea-min-height:140px;\" ><\/textarea><\/div><\/div><\/div><input type=\"hidden\" name=\"referer_url\" value=\"\" \/><div class=\"forminator-row forminator-row-last\"><div class=\"forminator-col\"><div class=\"forminator-field\"><button class=\"forminator-button forminator-button-submit\">Send booking request<\/button><\/div><\/div><\/div><input type=\"hidden\" id=\"forminator_nonce\" name=\"forminator_nonce\" value=\"ffaf8a5654\" \/><input type=\"hidden\" name=\"_wp_http_referer\" value=\"\/bs\/wp-json\/wp\/v2\/pages\/464\" \/><input type=\"hidden\" name=\"form_id\" value=\"563\"><input type=\"hidden\" name=\"page_id\" value=\"464\"><input type=\"hidden\" name=\"form_type\" value=\"default\"><input type=\"hidden\" name=\"current_url\" value=\"https:\/\/thaiapsarah.com\/bs\/contact\/\"><input type=\"hidden\" name=\"render_id\" value=\"1\"><input type=\"hidden\" name=\"action\" value=\"forminator_submit_form_custom-forms\"><input type=\"hidden\" name=\"trp-form-language\" value=\"bs\"\/><\/form><\/div>\n\t\t\t\t\t\t<\/div>\n\t\t\t\t<\/div>\n\t\t\t\t\t<\/div>\n\t\t\t\t<\/div>\n\t\t\t\t<\/div>","protected":false},"excerpt":{"rendered":"<p>Let us help you find balance in life. Welcome to Apsarah &#8211; your new haven for relaxation! Booking Request<\/p>","protected":false},"author":1,"featured_media":0,"parent":0,"menu_order":0,"comment_status":"closed","ping_status":"closed","template":"elementor_header_footer","meta":{"footnotes":""},"class_list":["post-464","page","type-page","status-publish","hentry"],"_links":{"self":[{"href":"https:\/\/thaiapsarah.com\/bs\/wp-json\/wp\/v2\/pages\/464","targetHints":{"allow":["GET"]}}],"collection":[{"href":"https:\/\/thaiapsarah.com\/bs\/wp-json\/wp\/v2\/pages"}],"about":[{"href":"https:\/\/thaiapsarah.com\/bs\/wp-json\/wp\/v2\/types\/page"}],"author":[{"embeddable":true,"href":"https:\/\/thaiapsarah.com\/bs\/wp-json\/wp\/v2\/users\/1"}],"replies":[{"embeddable":true,"href":"https:\/\/thaiapsarah.com\/bs\/wp-json\/wp\/v2\/comments?post=464"}],"version-history":[{"count":37,"href":"https:\/\/thaiapsarah.com\/bs\/wp-json\/wp\/v2\/pages\/464\/revisions"}],"predecessor-version":[{"id":752,"href":"https:\/\/thaiapsarah.com\/bs\/wp-json\/wp\/v2\/pages\/464\/revisions\/752"}],"wp:attachment":[{"href":"https:\/\/thaiapsarah.com\/bs\/wp-json\/wp\/v2\/media?parent=464"}],"curies":[{"name":"wp","href":"https:\/\/api.w.org\/{rel}","templated":true}]}}