{"id":98,"date":"2024-11-11T11:08:23","date_gmt":"2024-11-11T11:08:23","guid":{"rendered":"https:\/\/thaiapsarah.com\/?page_id=98"},"modified":"2024-12-30T17:49:06","modified_gmt":"2024-12-30T17:49:06","slug":"home","status":"publish","type":"page","link":"https:\/\/thaiapsarah.com\/bs\/","title":{"rendered":"Dom"},"content":{"rendered":"<div data-elementor-type=\"wp-page\" data-elementor-id=\"98\" class=\"elementor elementor-98\">\n\t\t\t\t<div class=\"elementor-element elementor-element-e10d4e9 e-flex e-con-boxed e-con e-parent\" data-id=\"e10d4e9\" data-element_type=\"container\" data-e-type=\"container\" data-settings=\"{&quot;background_background&quot;:&quot;classic&quot;}\">\n\t\t\t\t\t<div class=\"e-con-inner\">\n\t\t\t\t<div class=\"elementor-element elementor-element-ee6405b elementor-widget elementor-widget-image\" data-id=\"ee6405b\" data-element_type=\"widget\" data-e-type=\"widget\" data-widget_type=\"image.default\">\n\t\t\t\t<div class=\"elementor-widget-container\">\n\t\t\t\t\t\t\t\t\t\t\t\t\t\t\t<img fetchpriority=\"high\" decoding=\"async\" width=\"800\" height=\"750\" src=\"https:\/\/thaiapsarah.com\/wp-content\/uploads\/2024\/11\/apasarah-full-logo-white.svg\" class=\"attachment-large size-large wp-image-120\" alt=\"\" \/>\t\t\t\t\t\t\t\t\t\t\t\t\t\t\t<\/div>\n\t\t\t\t<\/div>\n\t\t\t\t\t<\/div>\n\t\t\t\t<\/div>\n\t\t<div class=\"elementor-element elementor-element-b9a0d2c e-flex e-con-boxed e-con e-parent\" data-id=\"b9a0d2c\" data-element_type=\"container\" data-e-type=\"container\" data-settings=\"{&quot;background_background&quot;:&quot;classic&quot;}\">\n\t\t\t\t\t<div class=\"e-con-inner\">\n\t\t\t\t<div class=\"elementor-element elementor-element-471232d elementor-widget elementor-widget-heading\" data-id=\"471232d\" data-element_type=\"widget\" data-e-type=\"widget\" data-widget_type=\"heading.default\">\n\t\t\t\t<div class=\"elementor-widget-container\">\n\t\t\t\t\t<h2 class=\"elementor-heading-title elementor-size-default\">ZBOG NAS<\/h2>\t\t\t\t<\/div>\n\t\t\t\t<\/div>\n\t\t\t\t<div class=\"elementor-element elementor-element-d8f4d13 elementor-widget__width-initial elementor-widget elementor-widget-text-editor\" data-id=\"d8f4d13\" data-element_type=\"widget\" data-e-type=\"widget\" data-widget_type=\"text-editor.default\">\n\t\t\t\t<div class=\"elementor-widget-container\">\n\t\t\t\t\t\t\t\t\t<p>Drago nam je da otvori vrata u na\u0161u novu oaza opu\u0161tanja i dobrobit. Do\u0111i i iskustvo trenutak za mir i harmoniju u na\u0161e moderne i pozvao okru\u017eenju. Tokom otvaranje oktobru 2024 nudimo vam 15% na masa\u017ee. Dobrodo\u0161li!<\/p>\t\t\t\t\t\t\t\t<\/div>\n\t\t\t\t<\/div>\n\t\t\t\t<div class=\"elementor-element elementor-element-94559fa elementor-widget__width-initial elementor-widget elementor-widget-text-editor\" data-id=\"94559fa\" data-element_type=\"widget\" data-e-type=\"widget\" data-widget_type=\"text-editor.default\">\n\t\t\t\t<div class=\"elementor-widget-container\">\n\t\t\t\t\t\t\t\t\t<p><strong><span style=\"color: #c1945d;\">15% POPUSTA VA\u017dI KROZ:<\/span> <\/strong>Decembra 2024 LOKACIJA: Petra Drapsina 8, 24000 Subotici<\/p><p>Pusti nas da ti pomognemo prona\u0111e\u0161 ravnote\u017eu u \u017eivotu. Dobrodo\u0161li Apsarah \u2013 tvoje novo uto\u010di\u0161te za opu\u0161tanje!<\/p><p><strong><span style=\"color: #c1945d;\">WHATSAPP: +381 61 2876 354 MAIL: INFO@THAIAPSARAH.COM<\/span><\/strong><\/p>\t\t\t\t\t\t\t\t<\/div>\n\t\t\t\t<\/div>\n\t\t\t\t\t<\/div>\n\t\t\t\t<\/div>\n\t\t\t\t<section class=\"elementor-section elementor-top-section elementor-element elementor-element-af56674 elementor-section-full_width elementor-section-height-default elementor-section-height-default\" data-id=\"af56674\" data-element_type=\"section\" data-e-type=\"section\">\n\t\t\t\t\t\t<div class=\"elementor-container elementor-column-gap-default\">\n\t\t\t\t\t<div class=\"elementor-column elementor-col-100 elementor-top-column elementor-element elementor-element-5c9a265\" data-id=\"5c9a265\" data-element_type=\"column\" data-e-type=\"column\">\n\t\t\t<div class=\"elementor-widget-wrap elementor-element-populated\">\n\t\t\t\t\t\t<div class=\"elementor-element elementor-element-4c80e8f elementor-view-framed elementor-shape-circle elementor-widget elementor-widget-icon\" data-id=\"4c80e8f\" data-element_type=\"widget\" data-e-type=\"widget\" data-widget_type=\"icon.default\">\n\t\t\t\t<div class=\"elementor-widget-container\">\n\t\t\t\t\t\t\t<div class=\"elementor-icon-wrapper\">\n\t\t\t<a class=\"elementor-icon elementor-animation-pop\" href=\"https:\/\/www.instagram.com\/thai_massage_apsarah_subotica\/\" target=\"_blank\">\n\t\t\t<svg aria-hidden=\"true\" class=\"e-font-icon-svg e-fab-instagram\" viewbox=\"0 0 448 512\" xmlns=\"http:\/\/www.w3.org\/2000\/svg\"><path d=\"M224.1 141c-63.6 0-114.9 51.3-114.9 114.9s51.3 114.9 114.9 114.9S339 319.5 339 255.9 287.7 141 224.1 141zm0 189.6c-41.1 0-74.7-33.5-74.7-74.7s33.5-74.7 74.7-74.7 74.7 33.5 74.7 74.7-33.6 74.7-74.7 74.7zm146.4-194.3c0 14.9-12 26.8-26.8 26.8-14.9 0-26.8-12-26.8-26.8s12-26.8 26.8-26.8 26.8 12 26.8 26.8zm76.1 27.2c-1.7-35.9-9.9-67.7-36.2-93.9-26.2-26.2-58-34.4-93.9-36.2-37-2.1-147.9-2.1-184.9 0-35.8 1.7-67.6 9.9-93.9 36.1s-34.4 58-36.2 93.9c-2.1 37-2.1 147.9 0 184.9 1.7 35.9 9.9 67.7 36.2 93.9s58 34.4 93.9 36.2c37 2.1 147.9 2.1 184.9 0 35.9-1.7 67.7-9.9 93.9-36.2 26.2-26.2 34.4-58 36.2-93.9 2.1-37 2.1-147.8 0-184.8zM398.8 388c-7.8 19.6-22.9 34.7-42.6 42.6-29.5 11.7-99.5 9-132.1 9s-102.7 2.6-132.1-9c-19.6-7.8-34.7-22.9-42.6-42.6-11.7-29.5-9-99.5-9-132.1s-2.6-102.7 9-132.1c7.8-19.6 22.9-34.7 42.6-42.6 29.5-11.7 99.5-9 132.1-9s102.7-2.6 132.1 9c19.6 7.8 34.7 22.9 42.6 42.6 11.7 29.5 9 99.5 9 132.1s2.7 102.7-9 132.1z\"><\/path><\/svg>\t\t\t<\/a>\n\t\t<\/div>\n\t\t\t\t\t\t<\/div>\n\t\t\t\t<\/div>\n\t\t\t\t\t<\/div>\n\t\t<\/div>\n\t\t\t\t\t<\/div>\n\t\t<\/section>\n\t\t\t\t<section class=\"elementor-section elementor-top-section elementor-element elementor-element-a40deea elementor-section-full_width elementor-section-height-default elementor-section-height-default\" data-id=\"a40deea\" data-element_type=\"section\" data-e-type=\"section\" data-settings=\"{&quot;background_background&quot;:&quot;classic&quot;}\">\n\t\t\t\t\t\t<div class=\"elementor-container elementor-column-gap-default\">\n\t\t\t\t\t<div class=\"elementor-column elementor-col-100 elementor-top-column elementor-element elementor-element-e22ee3e\" data-id=\"e22ee3e\" data-element_type=\"column\" data-e-type=\"column\" data-settings=\"{&quot;background_background&quot;:&quot;classic&quot;}\">\n\t\t\t<div class=\"elementor-widget-wrap elementor-element-populated\">\n\t\t\t\t\t\t<div class=\"elementor-element elementor-element-edf5361 elementor-widget elementor-widget-image-carousel\" data-id=\"edf5361\" data-element_type=\"widget\" data-e-type=\"widget\" data-settings=\"{&quot;slides_to_show&quot;:&quot;5&quot;,&quot;slides_to_show_tablet&quot;:&quot;4&quot;,&quot;slides_to_show_mobile&quot;:&quot;3&quot;,&quot;slides_to_scroll&quot;:&quot;1&quot;,&quot;slides_to_scroll_tablet&quot;:&quot;1&quot;,&quot;slides_to_scroll_mobile&quot;:&quot;1&quot;,&quot;navigation&quot;:&quot;none&quot;,&quot;pause_on_hover&quot;:&quot;no&quot;,&quot;autoplay_speed&quot;:10,&quot;speed&quot;:5000,&quot;image_spacing_custom&quot;:{&quot;unit&quot;:&quot;px&quot;,&quot;size&quot;:4,&quot;sizes&quot;:[]},&quot;autoplay&quot;:&quot;yes&quot;,&quot;pause_on_interaction&quot;:&quot;yes&quot;,&quot;infinite&quot;:&quot;yes&quot;,&quot;image_spacing_custom_tablet&quot;:{&quot;unit&quot;:&quot;px&quot;,&quot;size&quot;:&quot;&quot;,&quot;sizes&quot;:[]},&quot;image_spacing_custom_mobile&quot;:{&quot;unit&quot;:&quot;px&quot;,&quot;size&quot;:&quot;&quot;,&quot;sizes&quot;:[]}}\" data-widget_type=\"image-carousel.default\">\n\t\t\t\t<div class=\"elementor-widget-container\">\n\t\t\t\t\t\t\t<div class=\"elementor-image-carousel-wrapper swiper\" role=\"region\" aria-roledescription=\"carousel\" aria-label=\"Image Carousel\" dir=\"ltr\">\n\t\t\t<div class=\"elementor-image-carousel swiper-wrapper swiper-image-stretch\" aria-live=\"off\">\n\t\t\t\t\t\t\t\t<div class=\"swiper-slide\" role=\"group\" aria-roledescription=\"slide\" aria-label=\"1 of 9\"><figure class=\"swiper-slide-inner\"><img decoding=\"async\" class=\"swiper-slide-image\" src=\"https:\/\/thaiapsarah.com\/wp-content\/uploads\/elementor\/thumbs\/Screenshot-2024-12-30-at-18.28.00-qza3apol1zofcnf4izt2f6kfohgrk5det08tr5f33w.jpg\" alt=\"Screenshot-2024-12-30-at-18.28.00\" \/><\/figure><\/div><div class=\"swiper-slide\" role=\"group\" aria-roledescription=\"slide\" aria-label=\"2 of 9\"><figure class=\"swiper-slide-inner\"><img decoding=\"async\" class=\"swiper-slide-image\" src=\"https:\/\/thaiapsarah.com\/wp-content\/uploads\/elementor\/thumbs\/oli-2-qxz1yvpypa9hu2z74rs7u6m60wpwqv2axumm6b64cc.jpg\" alt=\"oli-2\" \/><\/figure><\/div><div class=\"swiper-slide\" role=\"group\" aria-roledescription=\"slide\" aria-label=\"3 of 9\"><figure class=\"swiper-slide-inner\"><img decoding=\"async\" class=\"swiper-slide-image\" src=\"https:\/\/thaiapsarah.com\/wp-content\/uploads\/elementor\/thumbs\/thai-traditional-qxosbnzhtfotzqg6x5ksmpo5z4ad8jcd1935jfwrjw.webp\" alt=\"thai-traditional\" \/><\/figure><\/div><div class=\"swiper-slide\" role=\"group\" aria-roledescription=\"slide\" aria-label=\"4 of 9\"><figure class=\"swiper-slide-inner\"><img decoding=\"async\" class=\"swiper-slide-image\" src=\"https:\/\/thaiapsarah.com\/wp-content\/uploads\/elementor\/thumbs\/Screenshot-2024-12-30-at-18.29.09-qza3amv2hhkkdtj7zgl6ppa1wbunx227smadbbj9mk.jpg\" alt=\"Screenshot-2024-12-30-at-18.29.09\" \/><\/figure><\/div><div class=\"swiper-slide\" role=\"group\" aria-roledescription=\"slide\" aria-label=\"5 of 9\"><figure class=\"swiper-slide-inner\"><img decoding=\"async\" class=\"swiper-slide-image\" src=\"https:\/\/thaiapsarah.com\/wp-content\/uploads\/elementor\/thumbs\/thai-massage1-qxc46zi7d70lroej5q4gewx6mxq9mjdr2fkeph0ku4.webp\" alt=\"thai-massage1\" \/><\/figure><\/div><div class=\"swiper-slide\" role=\"group\" aria-roledescription=\"slide\" aria-label=\"6 of 9\"><figure class=\"swiper-slide-inner\"><img decoding=\"async\" class=\"swiper-slide-image\" src=\"https:\/\/thaiapsarah.com\/wp-content\/uploads\/elementor\/thumbs\/thai-massage2-apsarah-spa-scaled-qxc47632p19m0y4z3ayued9esmtu4f3vfc4t2eqtmk.webp\" alt=\"thai-massage2-apsarah-spa\" \/><\/figure><\/div><div class=\"swiper-slide\" role=\"group\" aria-roledescription=\"slide\" aria-label=\"7 of 9\"><figure class=\"swiper-slide-inner\"><img decoding=\"async\" class=\"swiper-slide-image\" src=\"https:\/\/thaiapsarah.com\/wp-content\/uploads\/elementor\/thumbs\/Screenshot-2024-12-30-at-18.28.52-qza3answoblupfhutyzta71ihpq14r5y4qxuslhvgc.jpg\" alt=\"Screenshot-2024-12-30-at-18.28.52\" \/><\/figure><\/div><div class=\"swiper-slide\" role=\"group\" aria-roledescription=\"slide\" aria-label=\"8 of 9\"><figure class=\"swiper-slide-inner\"><img decoding=\"async\" class=\"swiper-slide-image\" src=\"https:\/\/thaiapsarah.com\/wp-content\/uploads\/elementor\/thumbs\/Screenshot-2024-12-30-at-18.29.25-qza3alx8anja27kl4y6k57ilaxzapcyhghmvu1knss.jpg\" alt=\"Screenshot-2024-12-30-at-18.29.25\" \/><\/figure><\/div><div class=\"swiper-slide\" role=\"group\" aria-roledescription=\"slide\" aria-label=\"9 of 9\"><figure class=\"swiper-slide-inner\"><img decoding=\"async\" class=\"swiper-slide-image\" src=\"https:\/\/thaiapsarah.com\/wp-content\/uploads\/elementor\/thumbs\/Screenshot-2024-12-30-at-18.28.34-qza3aoqqv5n511ghohefuosz33lecg9ogvlc9vgha4.jpg\" alt=\"Screenshot-2024-12-30-at-18.28.34\" \/><\/figure><\/div>\t\t\t<\/div>\n\t\t\t\t\t\t\t\n\t\t\t\t\t\t\t\t\t<\/div>\n\t\t\t\t\t\t<\/div>\n\t\t\t\t<\/div>\n\t\t\t\t\t<\/div>\n\t\t<\/div>\n\t\t\t\t\t<\/div>\n\t\t<\/section>\n\t\t\t\t<\/div>","protected":false},"excerpt":{"rendered":"<p>ABOUT US We are happy to open the doors to our new oasis of relaxation and well-being. Come and experience a moment of peace and harmony in our modern and inviting environment. During the opening month of october 2024 we offer 15% off on our massages. Welcome! 15% DISCOUNT VALID THRU: December 2024 LOCATION: Petra [&hellip;]<\/p>\n","protected":false},"author":1,"featured_media":0,"parent":0,"menu_order":0,"comment_status":"closed","ping_status":"closed","template":"elementor_header_footer","meta":{"footnotes":""},"class_list":["post-98","page","type-page","status-publish","hentry"],"_links":{"self":[{"href":"https:\/\/thaiapsarah.com\/bs\/wp-json\/wp\/v2\/pages\/98","targetHints":{"allow":["GET"]}}],"collection":[{"href":"https:\/\/thaiapsarah.com\/bs\/wp-json\/wp\/v2\/pages"}],"about":[{"href":"https:\/\/thaiapsarah.com\/bs\/wp-json\/wp\/v2\/types\/page"}],"author":[{"embeddable":true,"href":"https:\/\/thaiapsarah.com\/bs\/wp-json\/wp\/v2\/users\/1"}],"replies":[{"embeddable":true,"href":"https:\/\/thaiapsarah.com\/bs\/wp-json\/wp\/v2\/comments?post=98"}],"version-history":[{"count":107,"href":"https:\/\/thaiapsarah.com\/bs\/wp-json\/wp\/v2\/pages\/98\/revisions"}],"predecessor-version":[{"id":898,"href":"https:\/\/thaiapsarah.com\/bs\/wp-json\/wp\/v2\/pages\/98\/revisions\/898"}],"wp:attachment":[{"href":"https:\/\/thaiapsarah.com\/bs\/wp-json\/wp\/v2\/media?parent=98"}],"curies":[{"name":"wp","href":"https:\/\/api.w.org\/{rel}","templated":true}]}}